{"id":1093,"date":"2024-09-12T07:50:09","date_gmt":"2024-09-12T05:50:09","guid":{"rendered":"https:\/\/techforhumans.ascendis.ro\/?page_id=1093"},"modified":"2025-03-14T16:01:57","modified_gmt":"2025-03-14T14:01:57","slug":"proiect-adr","status":"publish","type":"page","link":"https:\/\/techforhumans.ascendis.ro\/en\/proiect-adr\/","title":{"rendered":"ADR Project"},"content":{"rendered":"\t\t<div data-elementor-type=\"wp-page\" data-elementor-id=\"1093\" class=\"elementor elementor-1093\" data-elementor-post-type=\"page\">\n\t\t\t\t<div class=\"elementor-element elementor-element-04cc2f8 e-flex e-con-boxed e-con e-parent\" data-id=\"04cc2f8\" data-element_type=\"container\" data-settings=\"{&quot;background_background&quot;:&quot;classic&quot;}\" data-core-v316-plus=\"true\">\n\t\t\t\t\t<div class=\"e-con-inner\">\n\t\t<div class=\"elementor-element elementor-element-ff7a969 e-con-full e-flex e-con e-child\" data-id=\"ff7a969\" data-element_type=\"container\" data-settings=\"{&quot;background_background&quot;:&quot;classic&quot;}\">\n\t\t\t\t<div class=\"elementor-element elementor-element-09c4748 elementor-absolute elementor-widget elementor-widget-image\" data-id=\"09c4748\" data-element_type=\"widget\" data-settings=\"{&quot;_position&quot;:&quot;absolute&quot;}\" data-widget_type=\"image.default\">\n\t\t\t\t<div class=\"elementor-widget-container\">\n\t\t\t<style>\/*! elementor - v3.20.0 - 13-03-2024 *\/\n.elementor-widget-image{text-align:center}.elementor-widget-image a{display:inline-block}.elementor-widget-image a img[src$=\".svg\"]{width:48px}.elementor-widget-image img{vertical-align:middle;display:inline-block}<\/style>\t\t\t\t\t\t\t\t\t\t<img decoding=\"async\" width=\"2\" height=\"100\" src=\"https:\/\/techforhumans.ascendis.ro\/wp-content\/uploads\/2024\/03\/Vector-15.svg\" class=\"attachment-full size-full wp-image-280\" alt=\"\" \/>\t\t\t\t\t\t\t\t\t\t\t\t\t<\/div>\n\t\t\t\t<\/div>\n\t\t\t\t<div class=\"elementor-element elementor-element-36cf99b elementor-invisible elementor-widget elementor-widget-heading\" data-id=\"36cf99b\" data-element_type=\"widget\" data-settings=\"{&quot;_animation&quot;:&quot;fadeIn&quot;}\" data-widget_type=\"heading.default\">\n\t\t\t\t<div class=\"elementor-widget-container\">\n\t\t\t<style>\/*! elementor - v3.20.0 - 13-03-2024 *\/\n.elementor-heading-title{padding:0;margin:0;line-height:1}.elementor-widget-heading .elementor-heading-title[class*=elementor-size-]>a{color:inherit;font-size:inherit;line-height:inherit}.elementor-widget-heading .elementor-heading-title.elementor-size-small{font-size:15px}.elementor-widget-heading .elementor-heading-title.elementor-size-medium{font-size:19px}.elementor-widget-heading .elementor-heading-title.elementor-size-large{font-size:29px}.elementor-widget-heading .elementor-heading-title.elementor-size-xl{font-size:39px}.elementor-widget-heading .elementor-heading-title.elementor-size-xxl{font-size:59px}<\/style><h2 class=\"elementor-heading-title elementor-size-default\">Competen\u021be \u00een tehnologii avansate pentru IMM-uri<\/h2>\t\t<\/div>\n\t\t\t\t<\/div>\n\t\t\t\t<div class=\"elementor-element elementor-element-2f4524d5 elementor-align-left elementor-mobile-align-center elementor-widget elementor-widget-button\" data-id=\"2f4524d5\" data-element_type=\"widget\" data-widget_type=\"button.default\">\n\t\t\t\t<div class=\"elementor-widget-container\">\n\t\t\t\t\t<div class=\"elementor-button-wrapper\">\n\t\t\t<a class=\"elementor-button elementor-button-link elementor-size-sm\" href=\"mailto:office@ascendis.ro\">\n\t\t\t\t\t\t<span class=\"elementor-button-content-wrapper\">\n\t\t\t\t\t\t<span class=\"elementor-button-text\">CONTACTEAZ\u0102-NE<\/span>\n\t\t<\/span>\n\t\t\t\t\t<\/a>\n\t\t<\/div>\n\t\t\t\t<\/div>\n\t\t\t\t<\/div>\n\t\t\t\t<\/div>\n\t\t\t\t\t<\/div>\n\t\t\t\t<\/div>\n\t\t<div class=\"elementor-element elementor-element-2b22adee e-flex e-con-boxed e-con e-parent\" data-id=\"2b22adee\" data-element_type=\"container\" data-settings=\"{&quot;background_background&quot;:&quot;classic&quot;}\" data-core-v316-plus=\"true\">\n\t\t\t\t\t<div class=\"e-con-inner\">\n\t\t<div class=\"elementor-element elementor-element-2318dd28 e-con-full e-flex e-con e-child\" data-id=\"2318dd28\" data-element_type=\"container\">\n\t\t\t\t<div class=\"elementor-element elementor-element-41cc52eb elementor-invisible elementor-widget elementor-widget-heading\" data-id=\"41cc52eb\" data-element_type=\"widget\" data-settings=\"{&quot;_animation&quot;:&quot;fadeIn&quot;}\" data-widget_type=\"heading.default\">\n\t\t\t\t<div class=\"elementor-widget-container\">\n\t\t\t<h2 class=\"elementor-heading-title elementor-size-default\">Proiect ADR<\/h2>\t\t<\/div>\n\t\t\t\t<\/div>\n\t\t\t\t<\/div>\n\t\t<div class=\"elementor-element elementor-element-41c6fcc5 e-con-full e-flex e-con e-child\" data-id=\"41c6fcc5\" data-element_type=\"container\">\n\t\t\t\t<div class=\"elementor-element elementor-element-5103433d elementor-widget elementor-widget-text-editor\" data-id=\"5103433d\" data-element_type=\"widget\" data-widget_type=\"text-editor.default\">\n\t\t\t\t<div class=\"elementor-widget-container\">\n\t\t\t<style>\/*! elementor - v3.20.0 - 13-03-2024 *\/\n.elementor-widget-text-editor.elementor-drop-cap-view-stacked .elementor-drop-cap{background-color:#69727d;color:#fff}.elementor-widget-text-editor.elementor-drop-cap-view-framed .elementor-drop-cap{color:#69727d;border:3px solid;background-color:transparent}.elementor-widget-text-editor:not(.elementor-drop-cap-view-default) .elementor-drop-cap{margin-top:8px}.elementor-widget-text-editor:not(.elementor-drop-cap-view-default) .elementor-drop-cap-letter{width:1em;height:1em}.elementor-widget-text-editor .elementor-drop-cap{float:left;text-align:center;line-height:1;font-size:50px}.elementor-widget-text-editor .elementor-drop-cap-letter{display:inline-block}<\/style>\t\t\t\t<p>Proiectul este finan\u021bat prin PNRR. Buget maxim este de 17.000 EURO\/firm\u0103 participant IMM (maxim 249 de angaja\u021bi, sub 50 milioane euro cifr\u0103 de afaceri, sub 43 milioane euro active).<br \/><br \/>Se adreseaz\u0103 tuturor domeniilor de activitate cu excep\u021bia: acvacultur\u0103, piscicultur\u0103 \u0219i produc\u021bie agricol\u0103 primar\u0103. Contribu\u021bia proprie a IMMului este 0.<\/p>\t\t\t\t\t\t<\/div>\n\t\t\t\t<\/div>\n\t\t\t\t<\/div>\n\t\t\t\t\t<\/div>\n\t\t\t\t<\/div>\n\t\t<div class=\"elementor-element elementor-element-a918562 e-flex e-con-boxed e-con e-parent\" data-id=\"a918562\" data-element_type=\"container\" data-settings=\"{&quot;background_background&quot;:&quot;classic&quot;}\" data-core-v316-plus=\"true\">\n\t\t\t\t\t<div class=\"e-con-inner\">\n\t\t<div class=\"elementor-element elementor-element-bf9be85 e-con-full e-flex e-con e-child\" data-id=\"bf9be85\" data-element_type=\"container\">\n\t\t\t\t<div class=\"elementor-element elementor-element-83558f2 elementor-invisible elementor-widget elementor-widget-heading\" data-id=\"83558f2\" data-element_type=\"widget\" data-settings=\"{&quot;_animation&quot;:&quot;fadeIn&quot;}\" data-widget_type=\"heading.default\">\n\t\t\t\t<div class=\"elementor-widget-container\">\n\t\t\t<h2 class=\"elementor-heading-title elementor-size-default\">Pa\u0219i de urmat\n<\/h2>\t\t<\/div>\n\t\t\t\t<\/div>\n\t\t\t\t<\/div>\n\t\t<div class=\"elementor-element elementor-element-ddc003c e-con-full e-flex e-con e-child\" data-id=\"ddc003c\" data-element_type=\"container\">\n\t\t\t\t<div class=\"elementor-element elementor-element-4a48062 elementor-widget elementor-widget-text-editor\" data-id=\"4a48062\" data-element_type=\"widget\" data-widget_type=\"text-editor.default\">\n\t\t\t\t<div class=\"elementor-widget-container\">\n\t\t\t\t\t\t\t<p><span style=\"color: #bf0d3e; text-transform: uppercase; border: 1px solid; padding: 1px 5px; margin-right: 5px;\"><strong>Pasul 1<\/strong><\/span>: IMM-urile se \u00eenscriu \u00een platform\u0103. Aloc\u0103rile se fac dup\u0103 regula: primul venit, primul servit. Depun o declara\u021bie \u00een care completeaz\u0103 datele firmei, datele reprezentantului legal, bifeaz\u0103 programul\/programele de interes \u0219i declar\u0103 c\u0103 \u00eendeplinesc condi\u021biile de eligibilitate.<\/p><p><strong style=\"color: #bf0d3e; text-transform: uppercase; border: 1px solid; padding: 1px 5px; margin-right: 5px;\">Pasul 2<\/strong>: ADR \u00eencepe verificarea aplica\u021biilor \u00eenregistrate, \u00een ordine, iar IMM-urile selectate vor furniza documentele care atest\u0103 indeplinirea condi\u021biilor de eligibilitate.<\/p><p><strong style=\"color: #bf0d3e; text-transform: uppercase; border: 1px solid; padding: 1px 5px; margin-right: 5px;\">Pasul 3<\/strong>: Dup\u0103 selec\u021bia IMM-urilor, ADR va publica \u00een platform\u0103 furnizorii de training contracta\u021bi \u0219i lista programelor de formare. Din acel moment fiecare IMM va selecta furnizorul \u0219i programul\/programele la care dore\u0219te s\u0103 \u00ee\u0219i trimit\u0103 angaja\u021bii.<\/p><p><strong style=\"color: #bf0d3e; text-transform: uppercase; border: 1px solid; padding: 1px 5px; margin-right: 5px;\">Pasul 4<\/strong>: Se deruleaz\u0103 procesul de formare, care se va finaliza p\u00e2n\u0103 \u00een decembrie 2025.<\/p><p>Finan\u021barea este sub form\u0103 de ajutor de minimis. Asta \u00eenseamn\u0103 c\u0103 suma solicitata pentru proiect \u0219i alte ajutoare de minimis primite \u00een ultimii 3 ani (de exemplu: Rabla, Tichete de mediu, Electric Up etc) nu trebuie s\u0103 dep\u0103\u0219easc\u0103 200.000 euro (pentru orice industrie) respectiv 100.000 euro pentru domeniul transportului.<\/p>\t\t\t\t\t\t<\/div>\n\t\t\t\t<\/div>\n\t\t\t\t<div class=\"elementor-element elementor-element-9752d6d elementor-widget elementor-widget-text-editor\" data-id=\"9752d6d\" data-element_type=\"widget\" data-widget_type=\"text-editor.default\">\n\t\t\t\t<div class=\"elementor-widget-container\">\n\t\t\t\t\t\t\t\u00cenregistrarea \u0219i transmiterea solicit\u0103rilor de sprijin se va putea face p\u00e2n\u0103 la data de <span style=\"text-decoration: underline;\"><strong>15.04.2025, ora 17:00.<\/strong><\/span>\t\t\t\t\t\t<\/div>\n\t\t\t\t<\/div>\n\t\t\t\t<div class=\"elementor-element elementor-element-1778292 elementor-align-left elementor-mobile-align-center elementor-widget elementor-widget-button\" data-id=\"1778292\" data-element_type=\"widget\" data-widget_type=\"button.default\">\n\t\t\t\t<div class=\"elementor-widget-container\">\n\t\t\t\t\t<div class=\"elementor-button-wrapper\">\n\t\t\t<a class=\"elementor-button elementor-button-link elementor-size-sm\" href=\"mailto:office@ascendis.ro\">\n\t\t\t\t\t\t<span class=\"elementor-button-content-wrapper\">\n\t\t\t\t\t\t<span class=\"elementor-button-text\">CONTACTEAZ\u0102-NE<\/span>\n\t\t<\/span>\n\t\t\t\t\t<\/a>\n\t\t<\/div>\n\t\t\t\t<\/div>\n\t\t\t\t<\/div>\n\t\t\t\t<\/div>\n\t\t\t\t\t<\/div>\n\t\t\t\t<\/div>\n\t\t\t\t<\/div>\n\t\t","protected":false},"excerpt":{"rendered":"<p>Competen\u021be \u00een tehnologii avansate pentru IMM-uri CONTACTEAZ\u0102-NE Proiect ADR Proiectul este finan\u021bat prin PNRR. Buget maxim este de 17.000 EURO\/firm\u0103 participant IMM (maxim 249 de angaja\u021bi, sub 50 milioane euro cifr\u0103 de afaceri, sub 43 milioane euro active). Se adreseaz\u0103 tuturor domeniilor de activitate cu excep\u021bia: acvacultur\u0103, piscicultur\u0103 \u0219i produc\u021bie agricol\u0103 primar\u0103. Contribu\u021bia proprie a [&hellip;]<\/p>\n","protected":false},"author":1,"featured_media":0,"parent":0,"menu_order":0,"comment_status":"closed","ping_status":"closed","template":"","meta":{"_acf_changed":false,"footnotes":""},"class_list":["post-1093","page","type-page","status-publish","hentry"],"acf":[],"_links":{"self":[{"href":"https:\/\/techforhumans.ascendis.ro\/en\/wp-json\/wp\/v2\/pages\/1093","targetHints":{"allow":["GET"]}}],"collection":[{"href":"https:\/\/techforhumans.ascendis.ro\/en\/wp-json\/wp\/v2\/pages"}],"about":[{"href":"https:\/\/techforhumans.ascendis.ro\/en\/wp-json\/wp\/v2\/types\/page"}],"author":[{"embeddable":true,"href":"https:\/\/techforhumans.ascendis.ro\/en\/wp-json\/wp\/v2\/users\/1"}],"replies":[{"embeddable":true,"href":"https:\/\/techforhumans.ascendis.ro\/en\/wp-json\/wp\/v2\/comments?post=1093"}],"version-history":[{"count":28,"href":"https:\/\/techforhumans.ascendis.ro\/en\/wp-json\/wp\/v2\/pages\/1093\/revisions"}],"predecessor-version":[{"id":1136,"href":"https:\/\/techforhumans.ascendis.ro\/en\/wp-json\/wp\/v2\/pages\/1093\/revisions\/1136"}],"wp:attachment":[{"href":"https:\/\/techforhumans.ascendis.ro\/en\/wp-json\/wp\/v2\/media?parent=1093"}],"curies":[{"name":"wp","href":"https:\/\/api.w.org\/{rel}","templated":true}]}}